{"id":6858,"date":"2018-05-24T08:02:54","date_gmt":"2018-05-24T06:02:54","guid":{"rendered":"https:\/\/fiorellinashop.com\/impressum\/"},"modified":"2023-11-14T15:52:09","modified_gmt":"2023-11-14T14:52:09","slug":"impresso","status":"publish","type":"page","link":"https:\/\/fiorellinashop.com\/it\/impresso\/","title":{"rendered":"Impresso"},"content":{"rendered":"<div class=\"wpb-content-wrapper\"><p>[vc_row full_width=&#8221;stretch_row_content_no_spaces&#8221; desctop_mb=&#8221;margin-lg-60b&#8221; mobile_mb=&#8221;margin-xs-20b&#8221;][vc_column][wiso_banner style_banner=&#8221;simple&#8221; style=&#8221;center_content&#8221; overlay=&#8221;yes&#8221; animation=&#8221;yes&#8221; title=&#8221;IMPRESSO&#8221; image=&#8221;6758&#8243;][\/vc_column][\/vc_row][vc_row desctop_mb=&#8221;margin-lg-60b&#8221; mobile_mb=&#8221;margin-xs-0b&#8221;][vc_column css_animation=&#8221;none&#8221;][wiso_headings style=&#8221;text_link&#8221; title=&#8221;PROTEZIONE DATI&#8221; animation_fade=&#8221;true&#8221; image=&#8221;6233&#8243; button=&#8221;url:https%3A%2F%2Ffiorellinashop.com%2Fit%2Ffaq%2F|title:Fiorellina&#8221;][vc_column_text css=&#8221;.vc_custom_1699973451158{margin-top: 15px !important;}&#8221;]<\/p>\n<ol>\n<li><strong>PROTEZIONE DATI<br \/>\n<\/strong><\/li>\n<\/ol>\n<p><span class=\"HwtZe\" lang=\"it\"><span class=\"jCAhz ChMk0b\"><span class=\"ryNqvb\">Le informazioni personali sono informazioni che possono essere utilizzate per identificare e contattare un individuo, come nome, indirizzo postale o IP (a meno che non sia reso anonimo), numero di telefono e indirizzo e-mail.<\/span><\/span><\/span><\/p>\n<p><span class=\"HwtZe\" lang=\"it\"><span class=\"jCAhz ChMk0b\"><span class=\"ryNqvb\">Quando contatti Fiorellina, ti potrebbe essere chiesto di fornire informazioni personali.<\/span><\/span> <span class=\"jCAhz ChMk0b\"><span class=\"ryNqvb\">Fiorellina pu\u00f2 utilizzare queste informazioni personali in conformit\u00e0 con la presente Informativa sulla privacy.<\/span><\/span> <span class=\"jCAhz ChMk0b\"><span class=\"ryNqvb\">Fiorellina pu\u00f2 anche combinare tali dati con altre informazioni per fornire o migliorare i propri prodotti, servizi, contenuti e pubblicit\u00e0.<\/span><\/span> <span class=\"jCAhz ChMk0b\"><span class=\"ryNqvb\">La presente privacy policy si applica all&#8217;uso e ai servizi offerti sulla piattaforma digitale www.fiorellinashop.com.<\/span><\/span><\/span><\/p>\n<p><span class=\"HwtZe\" lang=\"it\"><span class=\"jCAhz ChMk0b\"><span class=\"ryNqvb\">Nel trattare i tuoi dati personali nell&#8217;ambito dei servizi offerti, Fiorellina si attiene rigorosamente alle leggi applicabili dello Stato italiano e al Regolamento del Parlamento Europeo e del Consiglio sulla protezione dei dati personali.<\/span><\/span> <span class=\"jCAhz ChMk0b\"><span class=\"ryNqvb\">Desideriamo pertanto informarti dettagliatamente su quali dati Fiorellina raccoglie e come vengono trattati o utilizzati di seguito.<\/span><\/span> <\/span><\/p>\n<p><span class=\"HwtZe\" lang=\"it\"><span class=\"jCAhz ChMk0b\"><span class=\"ryNqvb\">Accettando la seguente dichiarazione sulla protezione dei dati, acconsenti alla raccolta, al trattamento e all&#8217;utilizzo dei tuoi dati personali da parte di Fiorellina in conformit\u00e0 con le leggi sulla protezione dei dati e le seguenti disposizioni.<\/span><\/span><\/span><\/p>\n<ol start=\"2\">\n<li><strong>ENTIT\u00c0 RESPONSABILE\/FORNITORE DI SERVIZI<\/strong><\/li>\n<\/ol>\n<p>Responsabile della raccolta, del trattamento e dell&#8217;utilizzo dei tuoi dati personali ai sensi del Regolamento (UE) 2016\/679 del Parlamento Europeo e del Consiglio del 27 aprile 2016 \u00e8<\/p>\n<p><strong>Fiorellina<br \/>\nElisabeth Chytra<br \/>\nVia Principale 175<br \/>\n39026 Prato allo Stelvio (BZ)<br \/>\nItaly<br \/>\n<\/strong><strong>\u00a0<\/strong><\/p>\n<ol start=\"3\">\n<li><strong>RACCOLTA, ELABORAZIONE E UTILIZZO DEI DATI PERSONALI<\/strong><\/li>\n<\/ol>\n<p>I tuoi dati vengono raccolti e archiviati quando contatti Fiorellina, quando utilizzi la piattaforma digitale per elaborare i servizi che utilizzi, per il nostro servizio clienti, l&#8217;amministrazione tecnica e per i nostri scopi di marketing. Per questo potremmo richiedere il tuo nome, data di nascita, indirizzo, numero di telefono, indirizzo e-mail e dati della carta di credito.<\/p>\n<p>Fiorellina utilizza i dati personali per creare, sviluppare, fornire, consegnare e migliorare i propri prodotti, servizi, contenuti e pubblicit\u00e0.<\/p>\n<p>I vostri dati personali possono essere trasmessi a terzi per l&#8217;elaborazione degli ordini se ci\u00f2 avviene ai fini dell&#8217;esecuzione del contratto o se avete dato il vostro previo consenso.<\/p>\n<p>I tuoi dati saranno conservati in conformit\u00e0 con le norme di legge. I vostri dati verranno quindi cancellati, a meno che gli obblighi di conservazione previsti dalla legge non siano in conflitto con ci\u00f2, se i dati non sono pi\u00f9 necessari per soddisfare lo scopo per il quale sono stati memorizzati, se fate valere un diritto di cancellazione o se la conservazione non \u00e8 pi\u00f9 consentita per altri motivi prescritti dalla legge.<\/p>\n<p>&nbsp;<\/p>\n<ol start=\"4\">\n<li><strong>RACCOLTA, ELABORAZIONE E UTILIZZO DEI DATI NON PERSONALI<\/strong><\/li>\n<\/ol>\n<p>Fiorellina raccoglie anche dati che, di per s\u00e9, non consentono un collegamento diretto ad una persona specifica. Fiorellina si riserva il diritto di raccogliere, utilizzare, condividere e divulgare informazioni non personali.<\/p>\n<p>Fiorellina raccoglie dati come lingua, et\u00e0, posizione, ecc. per comprendere meglio il comportamento dei clienti\/utenti\/inserzionisti con l&#8217;obiettivo di migliorare i loro prodotti, servizi e pubblicit\u00e0.<\/p>\n<p>Fiorellina raccoglie dati sulle attivit\u00e0 dei clienti sulla propria piattaforma digitale. Questi dati vengono aggregati e utilizzati come strumento per fornire ai clienti informazioni pi\u00f9 utili e per comprendere quali parti del loro sito Web, prodotti e servizi sono di maggiore interesse per i clienti\/utenti\/inserzionisti. Queste informazioni aggregate sono considerate informazioni non personali ai fini della presente Informativa sulla privacy.<\/p>\n<p>Nel caso in cui Fiorellina associ dati non personali con dati personali, tali dati saranno trattati come dati personali per il periodo della loro connessione.<\/p>\n<p>&nbsp;<\/p>\n<ol start=\"5\">\n<li><strong>UTILIZZO DEI COOKIE E ALTRE TECNOLOGIE<\/strong><\/li>\n<\/ol>\n<p>La piattaforma digitale gestita da Fiorellina, i servizi online, i programmi interattivi, le e-mail e il materiale pubblicitario, di seguito denominata piattaforma digitale, possono utilizzare cookie e altre tecnologie come pixel tag e web beacon per rendere attraente la piattaforma digitale e consentirne l&#8217;uso. di determinate funzioni. I cookie sono piccoli file di testo che vengono memorizzati sul tuo dispositivo (computer, cellulare, tablet o altro dispositivo elettronico con cui \u00e8 possibile utilizzare la piattaforma digitale).<\/p>\n<p>Queste tecnologie consentono a Fiorellina di comprendere meglio il comportamento di utilizzo dei propri clienti, informarli quali parti della loro piattaforma digitale sono state visitate, semplificare e misurare l&#8217;efficacia della pubblicit\u00e0. I dati raccolti da Fiorellina utilizzando cookie e altre tecnologie sono trattati come dati non personali. Tuttavia, se gli indirizzi IP (protocollo Internet) o identificatori simili sono classificati come informazioni personali dalla legge applicabile, Fiorellina tratter\u00e0 anche tali identificatori come informazioni personali. Se le informazioni non personali vengono combinate con informazioni personali, le informazioni combinate verranno trattate come informazioni personali ai fini della presente Informativa sulla privacy.<\/p>\n<p>Fiorellina utilizza anche cookie e altre tecnologie che registrano dati personali quando utilizzi la sua piattaforma digitale per offrirti un&#8217;esperienza confortevole e personale.<\/p>\n<p>Alcune informazioni come indirizzi IP (protocollo Internet), tipo e lingua del browser, provider di servizi Internet (ISP), siti Web e programmi di riferimento e di uscita, sistema operativo, timestamp e dati clickstream vengono raccolte automaticamente. Fiorellina utilizza questi dati per gestire la Piattaforma Digitale, per migliorare i servizi e i prodotti che offre, per valutare e analizzare le tendenze e per ottenere informazioni sul comportamento degli utenti sulla Piattaforma Digitale. Fiorellina potr\u00e0 utilizzare i dati raccolti per servizi di marketing e pubblicitari.<\/p>\n<p>Fiorellina utilizza Google Analytics. Si tratta di un servizio di analisi web fornito da Google Inc., che utilizza &#8220;cookie&#8221;, file di testo che vengono memorizzati sul vostro dispositivo e che consentono di analizzare il vostro utilizzo del sito web. Le informazioni raccolte sull&#8217;utilizzo della piattaforma digitale vengono trasmesse a un server di Google Inc. negli Stati Uniti e ivi archiviate. Le informazioni vengono utilizzate da Google Inc. per valutare l&#8217;utilizzo della piattaforma digitale, compilare report sulle attivit\u00e0 del sito web per gli operatori del sito web e fornire altri servizi relativi alle attivit\u00e0 del sito web e all&#8217;utilizzo di Internet. Google Inc. pu\u00f2 anche trasferire queste informazioni a terzi ove richiesto dalla legge o qualora terzi trattino questi dati per conto di Google. In nessun caso Google Inc. assocer\u00e0 l&#8217;indirizzo IP utilizzato ad altri dati di Google Inc..<\/p>\n<p>Potete impedire l&#8217;installazione dei cookie impostando di conseguenza il software del vostro browser; Fiorellina tiene per\u00f2 a precisare che in questo caso potresti non essere in grado di utilizzare appieno tutte le funzionalit\u00e0 delle piattaforme digitali.<\/p>\n<p>Puoi impedire la raccolta da parte di Google Analytics facendo clic sul seguente collegamento. (L&#8217;opt-out deve essere attivato con il codice Java Script, che verr\u00e0 poi integrato nel testo). Viene impostato un cookie di opt-out che impedisce che i tuoi dati vengano raccolti in futuro quando visiti il \u200b\u200bsito web gestito da Fiorellina. Ti preghiamo di non eliminare questo cookie finch\u00e9 desideri mantenere la tua opposizione.<\/p>\n<p>Fiorellina utilizza anche Google Analytics per valutare i dati di AdWords e il cookie doppio clic a fini statistici. Se non lo desideri, puoi disattivarlo tramite la gestione delle preferenze degli annunci (http:\/\/www.google.com\/settings\/ads\/onweb\/?hl=de)<\/p>\n<p>Sottoscrivendo l&#8217;informativa sulla privacy, acconsenti al trattamento dei dati raccolti su di te da parte di Google Inc. e dei cookie nelle modalit\u00e0 e per le finalit\u00e0 sopra descritte.<\/p>\n<p>&nbsp;<\/p>\n<ol start=\"6\">\n<li><strong>INDIRIZZI IP<\/strong><\/li>\n<\/ol>\n<p>Per poter riconoscere, prevenire e indagare sugli attacchi alla vostra piattaforma digitale, gli indirizzi IP con timestamp e l&#8217;URL a cui si accede vengono memorizzati brevemente nei file di registro. I file di registro in cui sono memorizzati gli indirizzi IP dei visitatori vengono cancellati automaticamente al massimo dopo 30 giorni.<\/p>\n<p>&nbsp;<\/p>\n<ol start=\"7\">\n<li><strong>INTEGRAZIONE DI SERVIZI E CONTENUTI DI TERZE PARTI<\/strong><\/li>\n<\/ol>\n<p>Pu\u00f2 accadere che Fiorellina includa contenuti di terze parti sulla propria piattaforma digitale, come video da YouTube e grafica proveniente da altri siti web. Ci\u00f2 presuppone sempre che i fornitori di questi contenuti siano a conoscenza dell&#8217;indirizzo IP dell&#8217;utente, perch\u00e9 senza indirizzo IP non potrebbero inviare il contenuto al browser del rispettivo utente. L&#8217;indirizzo IP \u00e8 quindi necessario per visualizzare questo contenuto. Fiorellina fa attenzione a utilizzare solo contenuti i cui rispettivi fornitori utilizzano solo l&#8217;indirizzo IP per fornire il contenuto. Fiorellina non ha tuttavia alcuna influenza se i fornitori terzi memorizzano l&#8217;indirizzo IP, ad esempio per scopi statistici. Per quanto Fiorellina ne sar\u00e0 a conoscenza gli utenti ne verranno informati.<\/p>\n<p>Una connessione di terze parti viene stabilita solo facendo clic attivamente sui &#8220;pulsanti&#8221; corrispondenti.<\/p>\n<p>&nbsp;<\/p>\n<ol start=\"8\">\n<li><strong>DIVULGAZIONE DEI DATI PERSONALI<\/strong><\/li>\n<\/ol>\n<p>Per quanto riguarda gli obiettivi sopra indicati, i vostri dati personali saranno trasmessi, se necessario, alle seguenti istituzioni nazionali ed estere per l&#8217;elaborazione degli ordini:<\/p>\n<ul>\n<li>ai dipendenti di Fiorellina, nonch\u00e9 a liberi professionisti, aziende e consulenti che supportano Fiorellina solo nell&#8217;ambito della finalit\u00e0 sopra indicata;<\/li>\n<li>alle pubbliche amministrazioni ed autorit\u00e0, se ci\u00f2 \u00e8 previsto dalla legge;<\/li>\n<li>ad istituti di credito con i quali Fiorellina intrattiene rapporti commerciali per la gestione dei crediti\/passivi e per i finanziamenti. I dati personali non verranno diffusi per scopi pubblicitari;<\/li>\n<li>a tutte le persone fisiche e\/o giuridiche, pubbliche e\/o private (studi di consulenza legale, amministrativa e fiscale, societ\u00e0 controllate, tribunali, Camera di Commercio, ecc.);<\/li>\n<li>Le informazioni destinate alla pubblicazione saranno trasmesse agli interessati.<\/li>\n<\/ul>\n<p>L&#8217;inoltro avviene se risulta utile per lo svolgimento della nostra attivit\u00e0 e nelle modalit\u00e0 sopra specificate con le finalit\u00e0 corrispondenti.<\/p>\n<p>&nbsp;<\/p>\n<ol start=\"9\">\n<li><strong>DIRITTI DEL SOGGETTO<\/strong><\/li>\n<\/ol>\n<p>Hai il diritto di conoscere in qualsiasi momento lo stato dei tuoi dati, nonch\u00e9 di richiederne la modifica o la cancellazione o di opporti al trattamento dei dati. Puoi visualizzare e\/o modificare i tuoi dati personali online. La comunicazione dei tuoi dati personali avviene su base volontaria quando li inserisci sul sito Firstavenue.<\/p>\n<p>La legge sulla protezione dei dati e il Regolamento europeo ti danno la possibilit\u00e0 di esercitare determinati diritti:<\/p>\n<ul>\n<li>conoscere quali dati personali ha su di te il titolare e ottenere informazioni se esistono dati che ti riguardano, anche se non ancora memorizzati;<\/li>\n<li>conoscere in forma comprensibile informazioni pi\u00f9 dettagliate su questi dati, sulla loro origine, sul motivo e sulle finalit\u00e0 del loro trattamento;<\/li>\n<li>Informazioni sui titolari e responsabili del trattamento nonch\u00e9 sui soggetti e sulle categorie di soggetti ai quali tali dati possono essere comunicati;<\/li>\n<li>confermare, verificare, correggere e integrare i tuoi dati;<\/li>\n<li>di opporsi, per giustificati motivi, in tutto o in parte al trattamento dei propri dati, nonch\u00e9 chiederne la cancellazione, il blocco, la trasformazione in dati non personali; o senza un giustificato motivo qualora i dati siano utilizzati ai fini di informazione commerciale, invio di materiale pubblicitario, vendita diretta, ricerche di mercato e di opinione.<\/li>\n<\/ul>\n<p>Tu o un tuo incaricato potete far valere i vostri diritti\/cancellazione dei dati inviando una richiesta al titolare del trattamento inviando una lettera all&#8217;indirizzo di contatto indicato nella sezione 2.<\/p>\n<p>Fiorellina pu\u00f2 rifiutarsi di elaborare le richieste se sono offensive\/molestie\/insulterie\/minacciose, mettono in pericolo i diritti personali di altri, sono estremamente impraticabili o se la fornitura di informazioni non \u00e8 altrimenti prevista dall&#8217;ordinamento giuridico di riferimento.<\/p>\n<p>&nbsp;<\/p>\n<ol start=\"10\">\n<li><strong>PROTEZIONE DEI DATI PERSONALI<\/strong><\/li>\n<\/ol>\n<p>Fiorellina attribuisce grande importanza alla sicurezza dei tuoi dati personali. Le pratiche di protezione dei dati di Fiorellina sono conformi alle leggi applicabili dello Stato italiano (D.Lgs. 30 giugno 2003, n. 196) e dell&#8217;Unione Europea (Regolamento 2016\/679 del Parlamento Europeo e del Consiglio) relative alla protezione dei dati personali. persone fisiche nel Trattamento dei dati personali.<\/p>\n<p>&nbsp;<\/p>\n<ol start=\"11\">\n<li><strong>AMBITO DI APPLICAZIONE DELLA POLITICA SULLA PRIVACY<\/strong><\/li>\n<\/ol>\n<p>La presente Privacy Policy si applica a tutti i servizi offerti da Fiorellina. La Privacy Policy non si applica ai servizi offerti da altre societ\u00e0 e privati.[\/vc_column_text][\/vc_column][\/vc_row]<\/p>\n<\/div>","protected":false},"excerpt":{"rendered":"<p>[vc_row full_width=&#8221;stretch_row_content_no_spaces&#8221; desctop_mb=&#8221;margin-lg-60b&#8221; mobile_mb=&#8221;margin-xs-20b&#8221;][vc_column][wiso_banner style_banner=&#8221;simple&#8221; style=&#8221;center_content&#8221; overlay=&#8221;yes&#8221; animation=&#8221;yes&#8221; title=&#8221;IMPRESSO&#8221; image=&#8221;6758&#8243;][\/vc_column][\/vc_row][vc_row desctop_mb=&#8221;margin-lg-60b&#8221; mobile_mb=&#8221;margin-xs-0b&#8221;][vc_column css_animation=&#8221;none&#8221;][wiso_headings style=&#8221;text_link&#8221; title=&#8221;PROTEZIONE DATI&#8221; animation_fade=&#8221;true&#8221; image=&#8221;6233&#8243; button=&#8221;url:https%3A%2F%2Ffiorellinashop.com%2Fit%2Ffaq%2F|title:Fiorellina&#8221;][vc_column_text css=&#8221;.vc_custom_1699973451158{margin-top: 15px !important;}&#8221;] PROTEZIONE DATI Le informazioni personali sono informazioni che possono essere utilizzate per identificare e contattare un individuo, come nome, indirizzo postale o IP (a meno che non sia reso anonimo), numero di telefono &#8230;<\/p>\n","protected":false},"author":1,"featured_media":0,"parent":0,"menu_order":0,"comment_status":"closed","ping_status":"closed","template":"","meta":{"_mo_disable_npp":"","footnotes":""},"class_list":["post-6858","page","type-page","status-publish","hentry"],"_links":{"self":[{"href":"https:\/\/fiorellinashop.com\/it\/wp-json\/wp\/v2\/pages\/6858","targetHints":{"allow":["GET"]}}],"collection":[{"href":"https:\/\/fiorellinashop.com\/it\/wp-json\/wp\/v2\/pages"}],"about":[{"href":"https:\/\/fiorellinashop.com\/it\/wp-json\/wp\/v2\/types\/page"}],"author":[{"embeddable":true,"href":"https:\/\/fiorellinashop.com\/it\/wp-json\/wp\/v2\/users\/1"}],"replies":[{"embeddable":true,"href":"https:\/\/fiorellinashop.com\/it\/wp-json\/wp\/v2\/comments?post=6858"}],"version-history":[{"count":4,"href":"https:\/\/fiorellinashop.com\/it\/wp-json\/wp\/v2\/pages\/6858\/revisions"}],"predecessor-version":[{"id":6880,"href":"https:\/\/fiorellinashop.com\/it\/wp-json\/wp\/v2\/pages\/6858\/revisions\/6880"}],"wp:attachment":[{"href":"https:\/\/fiorellinashop.com\/it\/wp-json\/wp\/v2\/media?parent=6858"}],"curies":[{"name":"wp","href":"https:\/\/api.w.org\/{rel}","templated":true}]}}