{"id":6849,"date":"2018-06-02T12:14:34","date_gmt":"2018-06-02T10:14:34","guid":{"rendered":"https:\/\/fiorellinashop.com\/faq\/"},"modified":"2023-11-30T14:33:43","modified_gmt":"2023-11-30T13:33:43","slug":"faq","status":"publish","type":"page","link":"https:\/\/fiorellinashop.com\/it\/faq\/","title":{"rendered":"FAQ"},"content":{"rendered":"<div class=\"wpb-content-wrapper\"><p>[vc_row full_width=&#8221;stretch_row_content_no_spaces&#8221;][vc_column][wiso_banner style_banner=&#8221;simple&#8221; height=&#8221;medium_banner&#8221; style=&#8221;center_content&#8221; overlay=&#8221;yes&#8221; enable_btn=&#8221;true&#8221; title=&#8221;FAQ&#8221; image=&#8221;6560&#8243; subtitle=&#8221;Domande frequenti&#8221;][\/vc_column][\/vc_row][vc_row desctop_mt=&#8221;margin-lg-120t&#8221; desctop_mb=&#8221;margin-lg-85b&#8221; tablets_mt=&#8221;margin-sm-80t&#8221; tablets_mb=&#8221;margin-sm-45b&#8221; mobile_mt=&#8221;margin-xs-40t&#8221; mobile_mb=&#8221;margin-xs-40b&#8221;][vc_column tablets_mb=&#8221;margin-sm-80b&#8221; mobile_mb=&#8221;margin-xs-50b&#8221; offset=&#8221;vc_col-lg-12 vc_col-md-12&#8243;][wiso_headings style=&#8221;text_button_modern&#8221; title=&#8221;Cura dei gioielli, dei materiali utilizzati&#8221; subtitle=&#8221;\u00c8 fantastico che abbia scelto un gioiello di Fiorellina. La qualit\u00e0 \u00e8 molto importante per me. Uso solo argento sterling. L&#8217;argento sterling \u00e8 considerato di qualit\u00e0 particolarmente elevata e robusto grazie alla sua composizione. \u00c8 composto da 925 parti di argento fino e 75 parti di rame, ma non contiene nichel. L&#8217;argento ha la propriet\u00e0 di reagire (ossidarsi) con l&#8217;ossigeno nel corso del tempo. Si appanna e si scurisce. Tuttavia, questo non dice nulla sulla qualit\u00e0, ma \u00e8 una normale reazione chimica.<\/p>\n<p>I gioielli d&#8217;argento si lucidano con l&#8217;usura e il conseguente sfregamento contro la pelle. Tuttavia, alcuni cosmetici favoriscono l&#8217;appannamento dell&#8217;argento. Inoltre, non si dovrebbero indossare i gioielli in argento in acqua clorata o salata. Se i vostri gioielli in argento dovessero appannarsi, esistono vari metodi per farli tornare a splendere. Consiglio di utilizzare un panno per la pulizia dell&#8217;argento, che si pu\u00f2 acquistare in farmacia o al supermercato e che \u00e8 meglio conservare in un sacchetto di plastica dopo l&#8217;uso. Il panno per la pulizia dell&#8217;argento protegge anche i gioielli in resina naturale e la collana utilizzata.<\/p>\n<p>Per i vostri materiali naturali fusi in resina, ho optato per una resina (resina) di altissima qualit\u00e0, sicura per gli alimenti e di qualit\u00e0 museale, in modo che possiate godere a lungo dei vostri gioielli, la cui limpidezza si mantiene per decenni e non ingiallisce. Il processo di fabbricazione e i costi di acquisizione sono pi\u00f9 elevati rispetto alla resina UV e ad altre resine che consentono un processo di fabbricazione rapido o sono pi\u00f9 economiche ma offrono una minore longevit\u00e0.\u2028\u2028Tuttavia, se il vostro gioiello presenta qualche problema, contattateci.&#8221; btn_style=&#8221;a-btn-3&#8243; animation_fade=&#8221;true&#8221; button=&#8221;url:https%3A%2F%2Ffiorellinashop.com%2Fit%2Fcontatto%2F|title:Contattami&#8221;][\/vc_column][\/vc_row][vc_row full_width=&#8221;stretch_row&#8221; desctop_lg_pt=&#8221;padding-lg-40t&#8221; desctop_lg_pb=&#8221;padding-lg-70b&#8221; mobile_pt=&#8221;padding-xs-10t&#8221; mobile_pb=&#8221;padding-xs-50b&#8221; css=&#8221;.vc_custom_1527672870239{background-color: #222222 !important;}&#8221;][vc_column][wiso_headings style=&#8221;text_left&#8221; title=&#8221;Sfoglia il mio shop online&#8221; btn_style=&#8221;a-btn-4&#8243; button=&#8221;url:https%3A%2F%2Ffiorellinashop.com%2Fit%2Fshop%2F|title:Le%20mie%20creazioni&#8221;][\/vc_column][\/vc_row][vc_row disable_element=&#8221;yes&#8221; desctop_mt=&#8221;margin-lg-120t&#8221; desctop_mb=&#8221;margin-lg-80b&#8221; desctop_md_mb=&#8221;margin-md-50b&#8221; tablets_mt=&#8221;margin-sm-80t&#8221; tablets_mb=&#8221;margin-sm-35b&#8221; mobile_mt=&#8221;margin-xs-35t&#8221; mobile_mb=&#8221;margin-xs-0b&#8221;][vc_column css=&#8221;.vc_custom_1528192631673{padding-top: 0px !important;}&#8221;][wiso_services style=&#8221;tile&#8221; items_tile=&#8221;%5B%7B%22icon%22%3A%22icon-check-square-2%22%2C%22title%22%3A%22Le%20cose%20buone%20dalla%20natura%22%2C%22subtitle%22%3A%22Prodotti%20utilizzati%22%2C%22text%22%3A%22Phasellus%20faucibus%20venenatis%20dolor.%20In%20elit%20ligula%2C%20maximus%20vel%20tincidunt%20ut%2C%20rhoncus%20et%20turpis%20Phasellus%20faucibus%20venenatis%20dolor.%20%22%2C%22image%22%3A%226724%22%7D%2C%7B%22icon%22%3A%22icon-heart%22%2C%22title%22%3A%22L&#8217;attenzione%20ai%20dettagli%22%2C%22subtitle%22%3A%22Il%20mio%20modo%20di%20lavorare%22%2C%22text%22%3A%22Blindtext%3A%20Phasellus%20faucibus%20venenatis%20dolor.%20In%20elit%20ligula%2C%20maximus%20vel%20tincidunt%20ut%2C%20rhoncus%20et%20turpis%20Phasellus%20faucibus%20venenatis%20dolor.%20%22%2C%22image%22%3A%226643%22%7D%5D&#8221;][\/vc_column][\/vc_row]<\/p>\n<\/div>","protected":false},"excerpt":{"rendered":"<p>[vc_row full_width=&#8221;stretch_row_content_no_spaces&#8221;][vc_column][wiso_banner style_banner=&#8221;simple&#8221; height=&#8221;medium_banner&#8221; style=&#8221;center_content&#8221; overlay=&#8221;yes&#8221; enable_btn=&#8221;true&#8221; title=&#8221;FAQ&#8221; image=&#8221;6560&#8243; subtitle=&#8221;Domande frequenti&#8221;][\/vc_column][\/vc_row][vc_row desctop_mt=&#8221;margin-lg-120t&#8221; desctop_mb=&#8221;margin-lg-85b&#8221; tablets_mt=&#8221;margin-sm-80t&#8221; tablets_mb=&#8221;margin-sm-45b&#8221; mobile_mt=&#8221;margin-xs-40t&#8221; mobile_mb=&#8221;margin-xs-40b&#8221;][vc_column tablets_mb=&#8221;margin-sm-80b&#8221; mobile_mb=&#8221;margin-xs-50b&#8221; offset=&#8221;vc_col-lg-12 vc_col-md-12&#8243;][wiso_headings style=&#8221;text_button_modern&#8221; title=&#8221;Cura dei gioielli, dei materiali utilizzati&#8221; subtitle=&#8221;\u00c8 fantastico che abbia scelto un gioiello di Fiorellina. La qualit\u00e0 \u00e8 molto importante per me. Uso solo argento sterling. L&#8217;argento sterling \u00e8 considerato di qualit\u00e0 particolarmente &#8230;<\/p>\n","protected":false},"author":1,"featured_media":0,"parent":0,"menu_order":0,"comment_status":"closed","ping_status":"closed","template":"","meta":{"_mo_disable_npp":"","footnotes":""},"class_list":["post-6849","page","type-page","status-publish","hentry"],"_links":{"self":[{"href":"https:\/\/fiorellinashop.com\/it\/wp-json\/wp\/v2\/pages\/6849","targetHints":{"allow":["GET"]}}],"collection":[{"href":"https:\/\/fiorellinashop.com\/it\/wp-json\/wp\/v2\/pages"}],"about":[{"href":"https:\/\/fiorellinashop.com\/it\/wp-json\/wp\/v2\/types\/page"}],"author":[{"embeddable":true,"href":"https:\/\/fiorellinashop.com\/it\/wp-json\/wp\/v2\/users\/1"}],"replies":[{"embeddable":true,"href":"https:\/\/fiorellinashop.com\/it\/wp-json\/wp\/v2\/comments?post=6849"}],"version-history":[{"count":4,"href":"https:\/\/fiorellinashop.com\/it\/wp-json\/wp\/v2\/pages\/6849\/revisions"}],"predecessor-version":[{"id":6953,"href":"https:\/\/fiorellinashop.com\/it\/wp-json\/wp\/v2\/pages\/6849\/revisions\/6953"}],"wp:attachment":[{"href":"https:\/\/fiorellinashop.com\/it\/wp-json\/wp\/v2\/media?parent=6849"}],"curies":[{"name":"wp","href":"https:\/\/api.w.org\/{rel}","templated":true}]}}